{"id":5,"date":"2006-10-24T22:53:26","date_gmt":"2006-10-24T20:53:26","guid":{"rendered":"http:\/\/martin.holk.name\/blog\/om-denne-blog\/"},"modified":"2006-10-24T22:55:17","modified_gmt":"2006-10-24T20:55:17","slug":"om-denne-blog","status":"publish","type":"page","link":"https:\/\/martin.holk.name\/blog\/om-denne-blog\/","title":{"rendered":"Om denne blog"},"content":{"rendered":"<p>Indr\u00f8mmet! Alle andre har en blog, og jeg vil sgu&#8217;tte v\u00e6re uden for f\u00e6llesskabet, s\u00e5 her er s\u00e5 min \ud83d\ude09<\/p>\n<p>Der sker nok ikke s\u00e5 mange interessante ting i mit liv, hvilket jeg f\u00e5r be- eller afkr\u00e6ftet ved at skrive i min blog. Kald det derfor et eksperient \ud83d\ude42 Det er nok ogs\u00e5 grunden til, jeg ind til videre ikke har den store trang til at kaste mig ud i et mere sp\u00e6ndende design, s\u00e5 jeg vil lade ordrene p\u00e5 siden tale for sig selv.<\/p>\n<p>Velkommen til!<\/p>\n","protected":false},"excerpt":{"rendered":"<p>Indr\u00f8mmet! Alle andre har en blog, og jeg vil sgu&#8217;tte v\u00e6re uden for f\u00e6llesskabet, s\u00e5 her er s\u00e5 min \ud83d\ude09 Der sker nok ikke s\u00e5 mange interessante ting i mit liv, hvilket jeg f\u00e5r be- eller afkr\u00e6ftet ved at skrive &hellip; <a href=\"https:\/\/martin.holk.name\/blog\/om-denne-blog\/\">L\u00e6s resten <span class=\"meta-nav\">&rarr;<\/span><\/a><\/p>\n","protected":false},"author":1,"featured_media":0,"parent":0,"menu_order":0,"comment_status":"open","ping_status":"open","template":"","meta":{"footnotes":""},"class_list":["post-5","page","type-page","status-publish","hentry"],"_links":{"self":[{"href":"https:\/\/martin.holk.name\/blog\/wp-json\/wp\/v2\/pages\/5","targetHints":{"allow":["GET"]}}],"collection":[{"href":"https:\/\/martin.holk.name\/blog\/wp-json\/wp\/v2\/pages"}],"about":[{"href":"https:\/\/martin.holk.name\/blog\/wp-json\/wp\/v2\/types\/page"}],"author":[{"embeddable":true,"href":"https:\/\/martin.holk.name\/blog\/wp-json\/wp\/v2\/users\/1"}],"replies":[{"embeddable":true,"href":"https:\/\/martin.holk.name\/blog\/wp-json\/wp\/v2\/comments?post=5"}],"version-history":[{"count":0,"href":"https:\/\/martin.holk.name\/blog\/wp-json\/wp\/v2\/pages\/5\/revisions"}],"wp:attachment":[{"href":"https:\/\/martin.holk.name\/blog\/wp-json\/wp\/v2\/media?parent=5"}],"curies":[{"name":"wp","href":"https:\/\/api.w.org\/{rel}","templated":true}]}}